{"id":1226,"date":"2024-12-04T17:19:23","date_gmt":"2024-12-04T16:19:23","guid":{"rendered":"https:\/\/maisonpojem.com\/?page_id=1226"},"modified":"2024-12-05T16:32:32","modified_gmt":"2024-12-05T15:32:32","slug":"presse-maison-pojem-magazine-gala-architecte-dinterieur","status":"publish","type":"page","link":"https:\/\/maisonpojem.com\/en\/presse-maison-pojem-magazine-gala-architecte-dinterieur\/","title":{"rendered":"PRESSE"},"content":{"rendered":"<div data-elementor-type=\"wp-page\" data-elementor-id=\"1226\" class=\"elementor elementor-1226\" data-elementor-post-type=\"page\">\n\t\t\t\t<div class=\"elementor-element elementor-element-1c8b057 e-flex e-con-boxed e-con e-parent\" data-id=\"1c8b057\" data-element_type=\"container\">\n\t\t\t\t\t<div class=\"e-con-inner\">\n\t\t\t\t<div class=\"elementor-element elementor-element-cdb5f7d elementor-widget elementor-widget-spacer\" data-id=\"cdb5f7d\" data-element_type=\"widget\" data-widget_type=\"spacer.default\">\n\t\t\t\t<div class=\"elementor-widget-container\">\n\t\t\t\t\t\t\t<div class=\"elementor-spacer\">\n\t\t\t<div class=\"elementor-spacer-inner\"><\/div>\n\t\t<\/div>\n\t\t\t\t\t\t<\/div>\n\t\t\t\t<\/div>\n\t\t<div class=\"elementor-element elementor-element-1172bcc e-con-full e-flex e-con e-child\" data-id=\"1172bcc\" data-element_type=\"container\">\n\t\t\t\t<div class=\"elementor-element elementor-element-3b81f28 elementor-widget elementor-widget-heading\" data-id=\"3b81f28\" data-element_type=\"widget\" data-widget_type=\"heading.default\">\n\t\t\t\t<div class=\"elementor-widget-container\">\n\t\t\t\t\t<h1 class=\"elementor-heading-title elementor-size-default\">MAISON POJEM DANS GALA<\/h1>\t\t\t\t<\/div>\n\t\t\t\t<\/div>\n\t\t\t\t<div class=\"elementor-element elementor-element-5a36b63 elementor-widget elementor-widget-heading\" data-id=\"5a36b63\" data-element_type=\"widget\" data-widget_type=\"heading.default\">\n\t\t\t\t<div class=\"elementor-widget-container\">\n\t\t\t\t\t<h2 class=\"elementor-heading-title elementor-size-default\">Une reconnaissance pr\u00e9cieuse<\/h2>\t\t\t\t<\/div>\n\t\t\t\t<\/div>\n\t\t\t\t<div class=\"elementor-element elementor-element-473442b elementor-widget elementor-widget-spacer\" data-id=\"473442b\" data-element_type=\"widget\" data-widget_type=\"spacer.default\">\n\t\t\t\t<div class=\"elementor-widget-container\">\n\t\t\t\t\t\t\t<div class=\"elementor-spacer\">\n\t\t\t<div class=\"elementor-spacer-inner\"><\/div>\n\t\t<\/div>\n\t\t\t\t\t\t<\/div>\n\t\t\t\t<\/div>\n\t\t\t\t<\/div>\n\t\t\t\t\t<\/div>\n\t\t\t\t<\/div>\n\t\t<div class=\"elementor-element elementor-element-5ce91e0 e-flex e-con-boxed e-con e-parent\" data-id=\"5ce91e0\" data-element_type=\"container\">\n\t\t\t\t\t<div class=\"e-con-inner\">\n\t\t<div class=\"elementor-element elementor-element-9007bcd e-con-full e-flex e-con e-child\" data-id=\"9007bcd\" data-element_type=\"container\">\n\t\t\t\t<div class=\"elementor-element elementor-element-522ca9b elementor-widget elementor-widget-image\" data-id=\"522ca9b\" data-element_type=\"widget\" data-widget_type=\"image.default\">\n\t\t\t\t<div class=\"elementor-widget-container\">\n\t\t\t\t\t\t\t\t\t\t\t\t\t\t\t<img fetchpriority=\"high\" decoding=\"async\" width=\"1338\" height=\"2560\" src=\"https:\/\/maisonpojem.com\/wp-content\/uploads\/2024\/12\/Pojem-2-1-scaled.jpg\" class=\"attachment-full size-full wp-image-1221\" alt=\"Maison Pojem dans le Magazine Gala - Architecte d&#039;int\u00e9rieure Pays Basque.\" srcset=\"https:\/\/maisonpojem.com\/wp-content\/uploads\/2024\/12\/Pojem-2-1-scaled.jpg 1338w, https:\/\/maisonpojem.com\/wp-content\/uploads\/2024\/12\/Pojem-2-1-157x300.jpg 157w, https:\/\/maisonpojem.com\/wp-content\/uploads\/2024\/12\/Pojem-2-1-535x1024.jpg 535w, https:\/\/maisonpojem.com\/wp-content\/uploads\/2024\/12\/Pojem-2-1-768x1469.jpg 768w, https:\/\/maisonpojem.com\/wp-content\/uploads\/2024\/12\/Pojem-2-1-803x1536.jpg 803w, https:\/\/maisonpojem.com\/wp-content\/uploads\/2024\/12\/Pojem-2-1-1071x2048.jpg 1071w, https:\/\/maisonpojem.com\/wp-content\/uploads\/2024\/12\/Pojem-2-1-6x12.jpg 6w\" sizes=\"(max-width: 1338px) 100vw, 1338px\" \/>\t\t\t\t\t\t\t\t\t\t\t\t\t\t\t<\/div>\n\t\t\t\t<\/div>\n\t\t\t\t<\/div>\n\t\t<div class=\"elementor-element elementor-element-1666567 e-con-full e-flex e-con e-child\" data-id=\"1666567\" data-element_type=\"container\">\n\t\t\t\t<div class=\"elementor-element elementor-element-c7d847d elementor-widget elementor-widget-spacer\" data-id=\"c7d847d\" data-element_type=\"widget\" data-widget_type=\"spacer.default\">\n\t\t\t\t<div class=\"elementor-widget-container\">\n\t\t\t\t\t\t\t<div class=\"elementor-spacer\">\n\t\t\t<div class=\"elementor-spacer-inner\"><\/div>\n\t\t<\/div>\n\t\t\t\t\t\t<\/div>\n\t\t\t\t<\/div>\n\t\t\t\t<div class=\"elementor-element elementor-element-788f12f elementor-widget elementor-widget-text-editor\" data-id=\"788f12f\" data-element_type=\"widget\" data-widget_type=\"text-editor.default\">\n\t\t\t\t<div class=\"elementor-widget-container\">\n\t\t\t\t\t\t\t\t\t<p>Chez <a href=\"https:\/\/maisonpojem.com\/en\/realisations\/\">MAISON POJEM<\/a>, nous cr\u00e9ons des espaces uniques, pens\u00e9s pour vous. Chaque projet incarne notre engagement envers <em>l\u2019esth\u00e9tisme, la fonctionnalit\u00e9 et la durabilit\u00e9<\/em>. R\u00e9cemment, notre travail a \u00e9t\u00e9 mis \u00e0 l\u2019honneur dans un article du c\u00e9l\u00e8bre <em>magazine Gala<\/em>. Ce m\u00e9dia, synonyme de style et d\u2019\u00e9l\u00e9gance, a choisi de valoriser notre d\u00e9marche et nos valeurs.<\/p>\t\t\t\t\t\t\t\t<\/div>\n\t\t\t\t<\/div>\n\t\t\t\t<div class=\"elementor-element elementor-element-4f6bd91 elementor-widget elementor-widget-spacer\" data-id=\"4f6bd91\" data-element_type=\"widget\" data-widget_type=\"spacer.default\">\n\t\t\t\t<div class=\"elementor-widget-container\">\n\t\t\t\t\t\t\t<div class=\"elementor-spacer\">\n\t\t\t<div class=\"elementor-spacer-inner\"><\/div>\n\t\t<\/div>\n\t\t\t\t\t\t<\/div>\n\t\t\t\t<\/div>\n\t\t\t\t<div class=\"elementor-element elementor-element-925333a elementor-align-center elementor-widget elementor-widget-button\" data-id=\"925333a\" data-element_type=\"widget\" data-widget_type=\"button.default\">\n\t\t\t\t<div class=\"elementor-widget-container\">\n\t\t\t\t\t\t\t\t\t<div class=\"elementor-button-wrapper\">\n\t\t\t\t\t<a class=\"elementor-button elementor-button-link elementor-size-sm\" href=\"http:\/\/www.moncarnet-gala.fr\/articles\/view\/MAISON-POJEM\">\n\t\t\t\t\t\t<span class=\"elementor-button-content-wrapper\">\n\t\t\t\t\t\t\t\t\t<span class=\"elementor-button-text\">D\u00e9couvrez l'article complet ici<\/span>\n\t\t\t\t\t<\/span>\n\t\t\t\t\t<\/a>\n\t\t\t\t<\/div>\n\t\t\t\t\t\t\t\t<\/div>\n\t\t\t\t<\/div>\n\t\t\t\t<div class=\"elementor-element elementor-element-28c566d elementor-widget elementor-widget-spacer\" data-id=\"28c566d\" data-element_type=\"widget\" data-widget_type=\"spacer.default\">\n\t\t\t\t<div class=\"elementor-widget-container\">\n\t\t\t\t\t\t\t<div class=\"elementor-spacer\">\n\t\t\t<div class=\"elementor-spacer-inner\"><\/div>\n\t\t<\/div>\n\t\t\t\t\t\t<\/div>\n\t\t\t\t<\/div>\n\t\t\t\t<div class=\"elementor-element elementor-element-31dc9b1 elementor-widget elementor-widget-text-editor\" data-id=\"31dc9b1\" data-element_type=\"widget\" data-widget_type=\"text-editor.default\">\n\t\t\t\t<div class=\"elementor-widget-container\">\n\t\t\t\t\t\t\t\t\t<p>Cette reconnaissance est une immense fiert\u00e9 pour nous. Elle nous pousse \u00e0 innover et \u00e0 poursuivre notre mission\u202f: concevoir des projets sur mesure, pens\u00e9s dans les moindres d\u00e9tails. Nous s\u00e9lectionnons avec soin des mat\u00e9riaux de qualit\u00e9, principalement sourc\u00e9s en Europe, pour garantir des espaces raffin\u00e9s et respectueux de l\u2019environnement.<\/p>\n<p>\u00catre pr\u00e9sent dans Gala est aussi une opportunit\u00e9 pr\u00e9cieuse. Cela nous permet de toucher un public plus large et de partager notre vision de<em> l\u2019architecture d\u2019int\u00e9rieur durable et haut de gamme.<\/em> Nous sommes convaincus que chaque espace, qu\u2019il soit r\u00e9sidentiel ou commercial, peut \u00eatre repens\u00e9 pour devenir plus esth\u00e9tique, plus fonctionnel et plus respectueux de notre plan\u00e8te.<\/p>\t\t\t\t\t\t\t\t<\/div>\n\t\t\t\t<\/div>\n\t\t\t\t<div class=\"elementor-element elementor-element-a5f4f7c elementor-widget elementor-widget-text-editor\" data-id=\"a5f4f7c\" data-element_type=\"widget\" data-widget_type=\"text-editor.default\">\n\t\t\t\t<div class=\"elementor-widget-container\">\n\t\t\t\t\t\t\t\t\t<p>Rien de tout cela ne serait possible sans nos clients, qui nous font confiance \u00e0 chaque \u00e9tape de leurs projets. Leur satisfaction est au c\u0153ur de notre d\u00e9marche. Nous travaillons \u00e9galement main dans la main avec des <em>artisans talentueux <\/em>et des <em>fournisseurs fiables<\/em>. Leur expertise garantit des r\u00e9alisations impeccables, respectant les d\u00e9lais et les budgets d\u00e9finis.<\/p>\n<p>Vous avez envie de transformer votre espace\u202f? Nous sommes l\u00e0 pour vous accompagner\u202f! R\u00e9novation, am\u00e9nagement ou cr\u00e9ation compl\u00e8te\u202f: chaque projet est unique, tout comme vous. Contactez-nous d\u00e8s aujourd\u2019hui pour discuter de vos envies. Ensemble, nous construirons un lieu qui vous ressemble, o\u00f9 esth\u00e9tique et fonctionnalit\u00e9 s\u2019accordent parfaitement.<\/p>\t\t\t\t\t\t\t\t<\/div>\n\t\t\t\t<\/div>\n\t\t\t\t<div class=\"elementor-element elementor-element-ebdc3e8 elementor-widget elementor-widget-spacer\" data-id=\"ebdc3e8\" data-element_type=\"widget\" data-widget_type=\"spacer.default\">\n\t\t\t\t<div class=\"elementor-widget-container\">\n\t\t\t\t\t\t\t<div class=\"elementor-spacer\">\n\t\t\t<div class=\"elementor-spacer-inner\"><\/div>\n\t\t<\/div>\n\t\t\t\t\t\t<\/div>\n\t\t\t\t<\/div>\n\t\t\t\t<div class=\"elementor-element elementor-element-3ae4f1e elementor-align-center elementor-widget elementor-widget-button\" data-id=\"3ae4f1e\" data-element_type=\"widget\" data-widget_type=\"button.default\">\n\t\t\t\t<div class=\"elementor-widget-container\">\n\t\t\t\t\t\t\t\t\t<div class=\"elementor-button-wrapper\">\n\t\t\t\t\t<a class=\"elementor-button elementor-button-link elementor-size-sm\" href=\"mailto:contact@maisonpojem.com?subject=Prise%20de%20contact\">\n\t\t\t\t\t\t<span class=\"elementor-button-content-wrapper\">\n\t\t\t\t\t\t\t\t\t<span class=\"elementor-button-text\">Parlez nous de votre projet<\/span>\n\t\t\t\t\t<\/span>\n\t\t\t\t\t<\/a>\n\t\t\t\t<\/div>\n\t\t\t\t\t\t\t\t<\/div>\n\t\t\t\t<\/div>\n\t\t\t\t<\/div>\n\t\t\t\t\t<\/div>\n\t\t\t\t<\/div>\n\t\t<div class=\"elementor-element elementor-element-cf1a312 e-flex e-con-boxed e-con e-parent\" data-id=\"cf1a312\" data-element_type=\"container\">\n\t\t\t\t\t<div class=\"e-con-inner\">\n\t\t\t\t<div class=\"elementor-element elementor-element-7d952b6 elementor-widget elementor-widget-spacer\" data-id=\"7d952b6\" data-element_type=\"widget\" data-widget_type=\"spacer.default\">\n\t\t\t\t<div class=\"elementor-widget-container\">\n\t\t\t\t\t\t\t<div class=\"elementor-spacer\">\n\t\t\t<div class=\"elementor-spacer-inner\"><\/div>\n\t\t<\/div>\n\t\t\t\t\t\t<\/div>\n\t\t\t\t<\/div>\n\t\t\t\t\t<\/div>\n\t\t\t\t<\/div>\n\t\t\t\t<\/div>","protected":false},"excerpt":{"rendered":"<p>Maison Pojem, sp\u00e9cialiste de l&rsquo;architecture d&rsquo;int\u00e9rieur haut de gamme au Pays Basque, est \u00e0 l&rsquo;honneur dans le magazine Gala. D\u00e9couvrez cette parution exceptionnelle et notre savoir-faire en r\u00e9novation durable.<\/p>","protected":false},"author":1,"featured_media":0,"parent":0,"menu_order":0,"comment_status":"closed","ping_status":"closed","template":"","meta":{"_monsterinsights_skip_tracking":false,"_monsterinsights_sitenote_active":false,"_monsterinsights_sitenote_note":"","_monsterinsights_sitenote_category":0,"footnotes":""},"class_list":["post-1226","page","type-page","status-publish","hentry"],"yoast_head":"<!-- This site is optimized with the Yoast SEO plugin v24.5 - https:\/\/yoast.com\/wordpress\/plugins\/seo\/ -->\n<title>PRESSE - Architecture d&#039;int\u00e9rieur - C\u00f4te Basque<\/title>\n<meta name=\"description\" content=\"Maison Pojem, architecte d&#039;int\u00e9rieur sur la C\u00f4te Basque, sp\u00e9cialiste de la r\u00e9novation. D\u00e9couvrez nos projets haut de gamme alliant esth\u00e9tique, fonctionnalit\u00e9 et durabilit\u00e9.\" \/>\n<meta name=\"robots\" content=\"index, follow, max-snippet:-1, max-image-preview:large, max-video-preview:-1\" \/>\n<link rel=\"canonical\" href=\"https:\/\/maisonpojem.com\/en\/presse-maison-pojem-magazine-gala-architecte-dinterieur\/\" \/>\n<meta property=\"og:locale\" content=\"en_US\" \/>\n<meta property=\"og:type\" content=\"article\" \/>\n<meta property=\"og:title\" content=\"PRESSE - Architecture d&#039;int\u00e9rieur - C\u00f4te Basque\" \/>\n<meta property=\"og:description\" content=\"Maison Pojem, architecte d&#039;int\u00e9rieur sur la C\u00f4te Basque, sp\u00e9cialiste de la r\u00e9novation. D\u00e9couvrez nos projets haut de gamme alliant esth\u00e9tique, fonctionnalit\u00e9 et durabilit\u00e9.\" \/>\n<meta property=\"og:url\" content=\"https:\/\/maisonpojem.com\/en\/presse-maison-pojem-magazine-gala-architecte-dinterieur\/\" \/>\n<meta property=\"og:site_name\" content=\"Architecture d&#039;int\u00e9rieur - C\u00f4te Basque\" \/>\n<meta property=\"article:publisher\" content=\"https:\/\/www.facebook.com\/maisonpojem\" \/>\n<meta property=\"article:modified_time\" content=\"2024-12-05T15:32:32+00:00\" \/>\n<meta property=\"og:image\" content=\"https:\/\/maisonpojem.com\/wp-content\/uploads\/2024\/12\/Pojem-2-1-scaled.jpg\" \/>\n\t<meta property=\"og:image:width\" content=\"1338\" \/>\n\t<meta property=\"og:image:height\" content=\"2560\" \/>\n\t<meta property=\"og:image:type\" content=\"image\/jpeg\" \/>\n<meta name=\"twitter:card\" content=\"summary_large_image\" \/>\n<meta name=\"twitter:label1\" content=\"Est. reading time\" \/>\n\t<meta name=\"twitter:data1\" content=\"2 minutes\" \/>\n<script type=\"application\/ld+json\" class=\"yoast-schema-graph\">{\"@context\":\"https:\/\/schema.org\",\"@graph\":[{\"@type\":\"NewsArticle\",\"@id\":\"https:\/\/maisonpojem.com\/presse-maison-pojem-magazine-gala-architecte-dinterieur\/#article\",\"isPartOf\":{\"@id\":\"https:\/\/maisonpojem.com\/presse-maison-pojem-magazine-gala-architecte-dinterieur\/\"},\"author\":{\"name\":\"maisonpojem.com\",\"@id\":\"https:\/\/maisonpojem.com\/#\/schema\/person\/5fdfaab7fcff652bc647cd12a6972197\"},\"headline\":\"PRESSE\",\"datePublished\":\"2024-12-04T16:19:23+00:00\",\"dateModified\":\"2024-12-05T15:32:32+00:00\",\"mainEntityOfPage\":{\"@id\":\"https:\/\/maisonpojem.com\/presse-maison-pojem-magazine-gala-architecte-dinterieur\/\"},\"wordCount\":320,\"publisher\":{\"@id\":\"https:\/\/maisonpojem.com\/#organization\"},\"image\":{\"@id\":\"https:\/\/maisonpojem.com\/presse-maison-pojem-magazine-gala-architecte-dinterieur\/#primaryimage\"},\"thumbnailUrl\":\"https:\/\/maisonpojem.com\/wp-content\/uploads\/2024\/12\/Pojem-2-1-scaled.jpg\",\"inLanguage\":\"en-US\"},{\"@type\":[\"WebPage\",\"CollectionPage\"],\"@id\":\"https:\/\/maisonpojem.com\/presse-maison-pojem-magazine-gala-architecte-dinterieur\/\",\"url\":\"https:\/\/maisonpojem.com\/presse-maison-pojem-magazine-gala-architecte-dinterieur\/\",\"name\":\"PRESSE - Architecture d&#039;int\u00e9rieur - C\u00f4te Basque\",\"isPartOf\":{\"@id\":\"https:\/\/maisonpojem.com\/#website\"},\"primaryImageOfPage\":{\"@id\":\"https:\/\/maisonpojem.com\/presse-maison-pojem-magazine-gala-architecte-dinterieur\/#primaryimage\"},\"image\":{\"@id\":\"https:\/\/maisonpojem.com\/presse-maison-pojem-magazine-gala-architecte-dinterieur\/#primaryimage\"},\"thumbnailUrl\":\"https:\/\/maisonpojem.com\/wp-content\/uploads\/2024\/12\/Pojem-2-1-scaled.jpg\",\"datePublished\":\"2024-12-04T16:19:23+00:00\",\"dateModified\":\"2024-12-05T15:32:32+00:00\",\"description\":\"Maison Pojem, architecte d'int\u00e9rieur sur la C\u00f4te Basque, sp\u00e9cialiste de la r\u00e9novation. D\u00e9couvrez nos projets haut de gamme alliant esth\u00e9tique, fonctionnalit\u00e9 et durabilit\u00e9.\",\"breadcrumb\":{\"@id\":\"https:\/\/maisonpojem.com\/presse-maison-pojem-magazine-gala-architecte-dinterieur\/#breadcrumb\"},\"inLanguage\":\"en-US\"},{\"@type\":\"ImageObject\",\"inLanguage\":\"en-US\",\"@id\":\"https:\/\/maisonpojem.com\/presse-maison-pojem-magazine-gala-architecte-dinterieur\/#primaryimage\",\"url\":\"https:\/\/maisonpojem.com\/wp-content\/uploads\/2024\/12\/Pojem-2-1-scaled.jpg\",\"contentUrl\":\"https:\/\/maisonpojem.com\/wp-content\/uploads\/2024\/12\/Pojem-2-1-scaled.jpg\"},{\"@type\":\"BreadcrumbList\",\"@id\":\"https:\/\/maisonpojem.com\/presse-maison-pojem-magazine-gala-architecte-dinterieur\/#breadcrumb\",\"itemListElement\":[{\"@type\":\"ListItem\",\"position\":1,\"name\":\"Accueil\",\"item\":\"https:\/\/maisonpojem.com\/\"},{\"@type\":\"ListItem\",\"position\":2,\"name\":\"PRESSE\"}]},{\"@type\":\"WebSite\",\"@id\":\"https:\/\/maisonpojem.com\/#website\",\"url\":\"https:\/\/maisonpojem.com\/\",\"name\":\"Maison Pojem - Architecture d'int\u00e9rieur - C\u00f4te Basque\",\"description\":\"\",\"publisher\":{\"@id\":\"https:\/\/maisonpojem.com\/#organization\"},\"alternateName\":\"Maison Pojem - Architecture d'int\u00e9rieur\",\"potentialAction\":[{\"@type\":\"SearchAction\",\"target\":{\"@type\":\"EntryPoint\",\"urlTemplate\":\"https:\/\/maisonpojem.com\/?s={search_term_string}\"},\"query-input\":{\"@type\":\"PropertyValueSpecification\",\"valueRequired\":true,\"valueName\":\"search_term_string\"}}],\"inLanguage\":\"en-US\"},{\"@type\":\"Organization\",\"@id\":\"https:\/\/maisonpojem.com\/#organization\",\"name\":\"Maison Pojem - Architecture d'int\u00e9rieur - Biarritz C\u00f4te Basque\",\"url\":\"https:\/\/maisonpojem.com\/\",\"logo\":{\"@type\":\"ImageObject\",\"inLanguage\":\"en-US\",\"@id\":\"https:\/\/maisonpojem.com\/#\/schema\/logo\/image\/\",\"url\":\"https:\/\/maisonpojem.com\/wp-content\/uploads\/2024\/04\/Maison-Pojem-Logo-Horizontal.svg\",\"contentUrl\":\"https:\/\/maisonpojem.com\/wp-content\/uploads\/2024\/04\/Maison-Pojem-Logo-Horizontal.svg\",\"width\":566,\"height\":152,\"caption\":\"Maison Pojem - Architecture d'int\u00e9rieur - Biarritz C\u00f4te Basque\"},\"image\":{\"@id\":\"https:\/\/maisonpojem.com\/#\/schema\/logo\/image\/\"},\"sameAs\":[\"https:\/\/www.facebook.com\/maisonpojem\",\"https:\/\/www.instagram.com\/maisonpojem\/\"]},{\"@type\":\"Person\",\"@id\":\"https:\/\/maisonpojem.com\/#\/schema\/person\/5fdfaab7fcff652bc647cd12a6972197\",\"name\":\"maisonpojem.com\",\"sameAs\":[\"http:\/\/maisonpojem.com\"],\"url\":\"https:\/\/maisonpojem.com\/en\/author\/maisonpojem-com\/\"}]}<\/script>\n<!-- \/ Yoast SEO plugin. -->","yoast_head_json":{"title":"PRESSE - Architecture d&#039;int\u00e9rieur - C\u00f4te Basque","description":"Maison Pojem, architecte d'int\u00e9rieur sur la C\u00f4te Basque, sp\u00e9cialiste de la r\u00e9novation. D\u00e9couvrez nos projets haut de gamme alliant esth\u00e9tique, fonctionnalit\u00e9 et durabilit\u00e9.","robots":{"index":"index","follow":"follow","max-snippet":"max-snippet:-1","max-image-preview":"max-image-preview:large","max-video-preview":"max-video-preview:-1"},"canonical":"https:\/\/maisonpojem.com\/en\/presse-maison-pojem-magazine-gala-architecte-dinterieur\/","og_locale":"en_US","og_type":"article","og_title":"PRESSE - Architecture d&#039;int\u00e9rieur - C\u00f4te Basque","og_description":"Maison Pojem, architecte d'int\u00e9rieur sur la C\u00f4te Basque, sp\u00e9cialiste de la r\u00e9novation. D\u00e9couvrez nos projets haut de gamme alliant esth\u00e9tique, fonctionnalit\u00e9 et durabilit\u00e9.","og_url":"https:\/\/maisonpojem.com\/en\/presse-maison-pojem-magazine-gala-architecte-dinterieur\/","og_site_name":"Architecture d&#039;int\u00e9rieur - C\u00f4te Basque","article_publisher":"https:\/\/www.facebook.com\/maisonpojem","article_modified_time":"2024-12-05T15:32:32+00:00","og_image":[{"width":1338,"height":2560,"url":"https:\/\/maisonpojem.com\/wp-content\/uploads\/2024\/12\/Pojem-2-1-scaled.jpg","type":"image\/jpeg"}],"twitter_card":"summary_large_image","twitter_misc":{"Est. reading time":"2 minutes"},"schema":{"@context":"https:\/\/schema.org","@graph":[{"@type":"NewsArticle","@id":"https:\/\/maisonpojem.com\/presse-maison-pojem-magazine-gala-architecte-dinterieur\/#article","isPartOf":{"@id":"https:\/\/maisonpojem.com\/presse-maison-pojem-magazine-gala-architecte-dinterieur\/"},"author":{"name":"maisonpojem.com","@id":"https:\/\/maisonpojem.com\/#\/schema\/person\/5fdfaab7fcff652bc647cd12a6972197"},"headline":"PRESSE","datePublished":"2024-12-04T16:19:23+00:00","dateModified":"2024-12-05T15:32:32+00:00","mainEntityOfPage":{"@id":"https:\/\/maisonpojem.com\/presse-maison-pojem-magazine-gala-architecte-dinterieur\/"},"wordCount":320,"publisher":{"@id":"https:\/\/maisonpojem.com\/#organization"},"image":{"@id":"https:\/\/maisonpojem.com\/presse-maison-pojem-magazine-gala-architecte-dinterieur\/#primaryimage"},"thumbnailUrl":"https:\/\/maisonpojem.com\/wp-content\/uploads\/2024\/12\/Pojem-2-1-scaled.jpg","inLanguage":"en-US"},{"@type":["WebPage","CollectionPage"],"@id":"https:\/\/maisonpojem.com\/presse-maison-pojem-magazine-gala-architecte-dinterieur\/","url":"https:\/\/maisonpojem.com\/presse-maison-pojem-magazine-gala-architecte-dinterieur\/","name":"PRESSE - Architecture d&#039;int\u00e9rieur - C\u00f4te Basque","isPartOf":{"@id":"https:\/\/maisonpojem.com\/#website"},"primaryImageOfPage":{"@id":"https:\/\/maisonpojem.com\/presse-maison-pojem-magazine-gala-architecte-dinterieur\/#primaryimage"},"image":{"@id":"https:\/\/maisonpojem.com\/presse-maison-pojem-magazine-gala-architecte-dinterieur\/#primaryimage"},"thumbnailUrl":"https:\/\/maisonpojem.com\/wp-content\/uploads\/2024\/12\/Pojem-2-1-scaled.jpg","datePublished":"2024-12-04T16:19:23+00:00","dateModified":"2024-12-05T15:32:32+00:00","description":"Maison Pojem, architecte d'int\u00e9rieur sur la C\u00f4te Basque, sp\u00e9cialiste de la r\u00e9novation. D\u00e9couvrez nos projets haut de gamme alliant esth\u00e9tique, fonctionnalit\u00e9 et durabilit\u00e9.","breadcrumb":{"@id":"https:\/\/maisonpojem.com\/presse-maison-pojem-magazine-gala-architecte-dinterieur\/#breadcrumb"},"inLanguage":"en-US"},{"@type":"ImageObject","inLanguage":"en-US","@id":"https:\/\/maisonpojem.com\/presse-maison-pojem-magazine-gala-architecte-dinterieur\/#primaryimage","url":"https:\/\/maisonpojem.com\/wp-content\/uploads\/2024\/12\/Pojem-2-1-scaled.jpg","contentUrl":"https:\/\/maisonpojem.com\/wp-content\/uploads\/2024\/12\/Pojem-2-1-scaled.jpg"},{"@type":"BreadcrumbList","@id":"https:\/\/maisonpojem.com\/presse-maison-pojem-magazine-gala-architecte-dinterieur\/#breadcrumb","itemListElement":[{"@type":"ListItem","position":1,"name":"Accueil","item":"https:\/\/maisonpojem.com\/"},{"@type":"ListItem","position":2,"name":"PRESSE"}]},{"@type":"WebSite","@id":"https:\/\/maisonpojem.com\/#website","url":"https:\/\/maisonpojem.com\/","name":"Maison Pojem - Architecture d'int\u00e9rieur - C\u00f4te Basque","description":"","publisher":{"@id":"https:\/\/maisonpojem.com\/#organization"},"alternateName":"Maison Pojem - Architecture d'int\u00e9rieur","potentialAction":[{"@type":"SearchAction","target":{"@type":"EntryPoint","urlTemplate":"https:\/\/maisonpojem.com\/?s={search_term_string}"},"query-input":{"@type":"PropertyValueSpecification","valueRequired":true,"valueName":"search_term_string"}}],"inLanguage":"en-US"},{"@type":"Organization","@id":"https:\/\/maisonpojem.com\/#organization","name":"Maison Pojem - Architecture d'int\u00e9rieur - Biarritz C\u00f4te Basque","url":"https:\/\/maisonpojem.com\/","logo":{"@type":"ImageObject","inLanguage":"en-US","@id":"https:\/\/maisonpojem.com\/#\/schema\/logo\/image\/","url":"https:\/\/maisonpojem.com\/wp-content\/uploads\/2024\/04\/Maison-Pojem-Logo-Horizontal.svg","contentUrl":"https:\/\/maisonpojem.com\/wp-content\/uploads\/2024\/04\/Maison-Pojem-Logo-Horizontal.svg","width":566,"height":152,"caption":"Maison Pojem - Architecture d'int\u00e9rieur - Biarritz C\u00f4te Basque"},"image":{"@id":"https:\/\/maisonpojem.com\/#\/schema\/logo\/image\/"},"sameAs":["https:\/\/www.facebook.com\/maisonpojem","https:\/\/www.instagram.com\/maisonpojem\/"]},{"@type":"Person","@id":"https:\/\/maisonpojem.com\/#\/schema\/person\/5fdfaab7fcff652bc647cd12a6972197","name":"maisonpojem.com","sameAs":["http:\/\/maisonpojem.com"],"url":"https:\/\/maisonpojem.com\/en\/author\/maisonpojem-com\/"}]}},"_links":{"self":[{"href":"https:\/\/maisonpojem.com\/en\/wp-json\/wp\/v2\/pages\/1226","targetHints":{"allow":["GET"]}}],"collection":[{"href":"https:\/\/maisonpojem.com\/en\/wp-json\/wp\/v2\/pages"}],"about":[{"href":"https:\/\/maisonpojem.com\/en\/wp-json\/wp\/v2\/types\/page"}],"author":[{"embeddable":true,"href":"https:\/\/maisonpojem.com\/en\/wp-json\/wp\/v2\/users\/1"}],"replies":[{"embeddable":true,"href":"https:\/\/maisonpojem.com\/en\/wp-json\/wp\/v2\/comments?post=1226"}],"version-history":[{"count":0,"href":"https:\/\/maisonpojem.com\/en\/wp-json\/wp\/v2\/pages\/1226\/revisions"}],"wp:attachment":[{"href":"https:\/\/maisonpojem.com\/en\/wp-json\/wp\/v2\/media?parent=1226"}],"curies":[{"name":"wp","href":"https:\/\/api.w.org\/{rel}","templated":true}]}}